{"id":11,"date":"2024-10-27T19:37:14","date_gmt":"2024-10-27T19:37:14","guid":{"rendered":"http:\/\/www.luminteknik.com\/?page_id=11"},"modified":"2024-11-05T15:54:35","modified_gmt":"2024-11-05T15:54:35","slug":"proje-ayrintilari","status":"publish","type":"page","link":"http:\/\/www.luminteknik.com\/?page_id=11","title":{"rendered":"Proje ayr\u0131nt\u0131lar\u0131"},"content":{"rendered":"\n<div class=\"wp-block-cover alignfull\" style=\"min-height:320px;aspect-ratio:unset;\"><span aria-hidden=\"true\" class=\"wp-block-cover__background has-nv-site-bg-background-color has-background-dim-100 has-background-dim\"><\/span><div class=\"wp-block-cover__inner-container is-layout-flow wp-block-cover-is-layout-flow\">\n<div class=\"wp-block-group\" style=\"padding-right:var(--wp--preset--spacing--30);padding-left:var(--wp--preset--spacing--30)\"><div class=\"wp-block-group__inner-container is-layout-flow wp-block-group-is-layout-flow\">\n<div class=\"wp-block-columns are-vertically-aligned-center is-layout-flex wp-container-core-columns-is-layout-9d6595d7 wp-block-columns-is-layout-flex\">\n<div class=\"wp-block-column is-vertically-aligned-center is-layout-flow wp-block-column-is-layout-flow\" style=\"flex-basis:70%\">\n<div style=\"height:24px\" aria-hidden=\"true\" class=\"wp-block-spacer\"><\/div>\n\n\n\n<h1 class=\"wp-block-heading has-text-align-left has-neve-text-color-color has-text-color\">Projelerimiz<\/h1>\n\n\n\n<p class=\"has-neve-text-color-color has-text-color\" style=\"font-size:22px\">Projenize uygun tutarl\u0131 \u00e7\u00f6z\u00fcmler \u00fcretmek ve sizlerin ihtiya\u00e7 duydu\u011fu t\u00fcm \u00fcr\u00fcn gruplar\u0131 ile size en iyi hizmeti sunmaktay\u0131z.<\/p>\n<\/div>\n\n\n\n<div class=\"wp-block-column is-vertically-aligned-center is-layout-flow wp-block-column-is-layout-flow\" style=\"flex-basis:30%\"><\/div>\n<\/div>\n<\/div><\/div>\n<\/div><\/div>\n\n\n\n<div class=\"wp-block-cover alignfull\" style=\"min-height:1034px;aspect-ratio:unset;\"><span aria-hidden=\"true\" class=\"wp-block-cover__background has-nv-light-bg-background-color has-background-dim-100 has-background-dim\"><\/span><div class=\"wp-block-cover__inner-container is-layout-flow wp-block-cover-is-layout-flow\">\n<div class=\"wp-block-group\"><div class=\"wp-block-group__inner-container is-layout-flow wp-block-group-is-layout-flow\">\n<div style=\"height:80px\" aria-hidden=\"true\" class=\"wp-block-spacer\"><\/div>\n\n\n\n<div class=\"wp-block-cover alignwide has-custom-content-position is-position-bottom-left\" style=\"border-radius:32px;padding-top:var(--wp--preset--spacing--60);padding-right:var(--wp--preset--spacing--60);padding-bottom:var(--wp--preset--spacing--60);padding-left:var(--wp--preset--spacing--60);min-height:500px;aspect-ratio:unset;\"><span aria-hidden=\"true\" class=\"wp-block-cover__background has-neve-link-color-background-color has-background-dim\"><\/span><img fetchpriority=\"high\" decoding=\"async\" width=\"600\" height=\"400\" class=\"wp-block-cover__image-background wp-image-306\" alt=\"\" src=\"https:\/\/mlbv9g3c1xit.i.optimole.com\/w:auto\/h:auto\/q:mauto\/ig:avif\/http:\/\/www.luminteknik.com\/wp-content\/uploads\/2024\/11\/batery.jpg\" data-object-fit=\"cover\" srcset=\"https:\/\/mlbv9g3c1xit.i.optimole.com\/w:auto\/h:auto\/q:mauto\/ig:avif\/http:\/\/www.luminteknik.com\/wp-content\/uploads\/2024\/11\/batery.jpg 600w, https:\/\/mlbv9g3c1xit.i.optimole.com\/w:300\/h:200\/q:mauto\/ig:avif\/http:\/\/www.luminteknik.com\/wp-content\/uploads\/2024\/11\/batery.jpg 300w\" sizes=\"(max-width: 600px) 100vw, 600px\" \/><div class=\"wp-block-cover__inner-container is-layout-flow wp-block-cover-is-layout-flow\">\n<p class=\"has-text-align-center has-large-font-size\"><\/p>\n<\/div><\/div>\n\n\n\n<div style=\"height:60px\" aria-hidden=\"true\" class=\"wp-block-spacer\"><\/div>\n\n\n\n<div class=\"wp-block-columns is-layout-flex wp-container-core-columns-is-layout-9d6595d7 wp-block-columns-is-layout-flex\">\n<div class=\"wp-block-column is-layout-flow wp-block-column-is-layout-flow\" style=\"padding-right:var(--wp--preset--spacing--30);padding-left:var(--wp--preset--spacing--30);flex-basis:67%\">\n<p class=\"has-neve-text-color-color has-text-color\">Lumin Teknik i\u00e7in etkili bir pazarlama stratejisi, firman\u0131n teknik uzmanl\u0131\u011f\u0131na ve kaliteli \u00fcr\u00fcnlerine odaklanarak, hedef m\u00fc\u015fteri kitlesinin \u00f6zel ihtiya\u00e7lar\u0131na y\u00f6nelik \u00e7\u00f6z\u00fcmler sunmay\u0131 ama\u00e7lamal\u0131d\u0131r<\/p>\n\n\n\n<div class=\"wp-block-buttons has-custom-font-size has-small-font-size is-content-justification-left is-layout-flex wp-container-core-buttons-is-layout-fdcfc74e wp-block-buttons-is-layout-flex\">\n<div class=\"wp-block-button has-custom-font-size is-style-default\" style=\"font-size:16px\"><a class=\"wp-block-button__link has-nv-text-dark-bg-color has-neve-link-color-background-color has-text-color has-background has-link-color wp-element-button\" href=\"http:\/\/www.luminteknik.com\/project-details\/\">Ziyaret et<\/a><\/div>\n<\/div>\n<\/div>\n\n\n\n<div class=\"wp-block-column is-layout-flow wp-block-column-is-layout-flow\" style=\"padding-right:var(--wp--preset--spacing--30);padding-left:var(--wp--preset--spacing--30);flex-basis:34%\">\n<p class=\"has-neve-text-color-color has-text-color\">\u00dcr\u00fcnlerin performans\u0131n\u0131 ve uzun \u00f6m\u00fcrl\u00fcl\u00fc\u011f\u00fcn\u00fc desteklemek amac\u0131yla g\u00fc\u00e7l\u00fc bir sat\u0131\u015f sonras\u0131 destek sistemi kurun. Bu, markaya duyulan g\u00fcveni peki\u015ftirir ve m\u00fc\u015fteri sadakatini art\u0131r\u0131r.<\/p>\n\n\n\n<figure class=\"wp-block-image size-full is-resized is-style-rounded\"><img decoding=\"async\" width=\"718\" height=\"501\" src=\"https:\/\/mlbv9g3c1xit.i.optimole.com\/B_77FuI-WG0HwZWp\/w:auto\/h:auto\/q:auto\/id:d0031900db315692684ff2d75e7a9e02\/http:\/\/www.luminteknik.com\/logojpg.png\" alt=\"\" class=\"wp-image-308\" style=\"width:80px;height:80px\"\/><\/figure>\n<\/div>\n<\/div>\n<\/div><\/div>\n<\/div><\/div>\n\n\n\n<div class=\"wp-block-cover alignfull\" style=\"min-height:600px;aspect-ratio:unset;\"><span aria-hidden=\"true\" class=\"wp-block-cover__background has-nv-site-bg-background-color has-background-dim-100 has-background-dim\"><\/span><div class=\"wp-block-cover__inner-container is-layout-flow wp-block-cover-is-layout-flow\">\n<div class=\"wp-block-group\"><div class=\"wp-block-group__inner-container is-layout-flow wp-block-group-is-layout-flow\">\n<div style=\"height:80px\" aria-hidden=\"true\" class=\"wp-block-spacer\"><\/div>\n\n\n\n<h2 class=\"wp-block-heading has-neve-text-color-color has-text-color\">Projelerimiz<\/h2>\n\n\n\n<div style=\"height:20px\" aria-hidden=\"true\" class=\"wp-block-spacer\"><\/div>\n\n\n\n<div class=\"wp-block-columns are-vertically-aligned-center is-layout-flex wp-container-core-columns-is-layout-9d6595d7 wp-block-columns-is-layout-flex\">\n<div class=\"wp-block-column is-vertically-aligned-center is-layout-flow wp-block-column-is-layout-flow\" style=\"padding-right:var(--wp--preset--spacing--30);padding-left:var(--wp--preset--spacing--30);flex-basis:50%\"><div class=\"wp-block-image\">\n<figure class=\"aligncenter size-full is-resized has-custom-border\"><img fetchpriority=\"high\" decoding=\"async\" width=\"600\" height=\"600\" src=\"https:\/\/mlbv9g3c1xit.i.optimole.com\/w:auto\/h:auto\/q:mauto\/ig:avif\/http:\/\/www.luminteknik.com\/wp-content\/uploads\/2024\/11\/kalite.png\" alt=\"\" class=\"wp-image-303\" style=\"border-radius:24px;width:279px;height:auto\" srcset=\"https:\/\/mlbv9g3c1xit.i.optimole.com\/w:auto\/h:auto\/q:mauto\/ig:avif\/http:\/\/www.luminteknik.com\/wp-content\/uploads\/2024\/11\/kalite.png 600w, https:\/\/mlbv9g3c1xit.i.optimole.com\/w:300\/h:300\/q:mauto\/ig:avif\/http:\/\/www.luminteknik.com\/wp-content\/uploads\/2024\/11\/kalite.png 300w, https:\/\/mlbv9g3c1xit.i.optimole.com\/w:150\/h:150\/q:mauto\/rt:fill\/g:ce\/ig:avif\/http:\/\/www.luminteknik.com\/wp-content\/uploads\/2024\/11\/kalite.png 150w\" sizes=\"(max-width: 600px) 100vw, 600px\" \/><\/figure>\n<\/div>\n\n\n<div style=\"height:0px\" aria-hidden=\"true\" class=\"wp-block-spacer\"><\/div>\n\n\n\n<h3 class=\"wp-block-heading has-text-align-left has-text-align-center has-neve-text-color-color has-text-color\">\u00dcr\u00fcn Kalitesi ve G\u00fcvenilirlik<\/h3>\n\n\n\n<div style=\"height:40px\" aria-hidden=\"true\" class=\"wp-block-spacer\"><\/div>\n<\/div>\n\n\n\n<div class=\"wp-block-column is-vertically-aligned-center is-layout-flow wp-block-column-is-layout-flow\" style=\"padding-right:var(--wp--preset--spacing--30);padding-left:var(--wp--preset--spacing--30);flex-basis:50%\"><div class=\"wp-block-image\">\n<figure class=\"aligncenter size-full has-custom-border\"><img data-opt-src=\"https:\/\/mlbv9g3c1xit.i.optimole.com\/w:auto\/h:auto\/q:mauto\/ig:avif\/http:\/\/www.luminteknik.com\/wp-content\/uploads\/2024\/11\/memnuniyetdestek.png\"  loading=\"lazy\" decoding=\"async\" width=\"1024\" height=\"669\" src=\"data:image/svg+xml,%3Csvg%20viewBox%3D%220%200%20100%%20100%%22%20width%3D%22100%%22%20height%3D%22100%%22%20xmlns%3D%22http%3A%2F%2Fwww.w3.org%2F2000%2Fsvg%22%3E%3Crect%20width%3D%22100%%22%20height%3D%22100%%22%20fill%3D%22transparent%22%2F%3E%3C%2Fsvg%3E\" alt=\"\" class=\"wp-image-304\" style=\"border-radius:24px\" old-srcset=\"https:\/\/mlbv9g3c1xit.i.optimole.com\/w:auto\/h:auto\/q:mauto\/ig:avif\/http:\/\/www.luminteknik.com\/wp-content\/uploads\/2024\/11\/memnuniyetdestek.png 1024w, https:\/\/mlbv9g3c1xit.i.optimole.com\/w:300\/h:196\/q:mauto\/ig:avif\/http:\/\/www.luminteknik.com\/wp-content\/uploads\/2024\/11\/memnuniyetdestek.png 300w, https:\/\/mlbv9g3c1xit.i.optimole.com\/w:768\/h:502\/q:mauto\/ig:avif\/http:\/\/www.luminteknik.com\/wp-content\/uploads\/2024\/11\/memnuniyetdestek.png 768w\" \/><\/figure>\n<\/div>\n\n\n<div style=\"height:36px\" aria-hidden=\"true\" class=\"wp-block-spacer\"><\/div>\n\n\n\n<h3 class=\"wp-block-heading has-text-align-left has-text-align-center has-neve-text-color-color has-text-color\">Sat\u0131\u015f Sonras\u0131 Destek ve M\u00fc\u015fteri Memnuniyeti<\/h3>\n\n\n\n<div style=\"height:40px\" aria-hidden=\"true\" class=\"wp-block-spacer\"><\/div>\n<\/div>\n\n\n\n<div class=\"wp-block-column is-vertically-aligned-center is-layout-flow wp-block-column-is-layout-flow\" style=\"padding-right:var(--wp--preset--spacing--30);padding-left:var(--wp--preset--spacing--30);flex-basis:50%\"><div class=\"wp-block-image\">\n<figure class=\"aligncenter size-full is-resized has-custom-border\"><img data-opt-src=\"https:\/\/mlbv9g3c1xit.i.optimole.com\/w:auto\/h:auto\/q:mauto\/ig:avif\/http:\/\/www.luminteknik.com\/wp-content\/uploads\/2024\/11\/kurumsal-hediye.jpg\"  loading=\"lazy\" decoding=\"async\" width=\"400\" height=\"400\" src=\"data:image/svg+xml,%3Csvg%20viewBox%3D%220%200%20100%%20100%%22%20width%3D%22100%%22%20height%3D%22100%%22%20xmlns%3D%22http%3A%2F%2Fwww.w3.org%2F2000%2Fsvg%22%3E%3Crect%20width%3D%22100%%22%20height%3D%22100%%22%20fill%3D%22transparent%22%2F%3E%3C%2Fsvg%3E\" alt=\"\" class=\"wp-image-305\" style=\"border-radius:24px;width:212px;height:auto\" old-srcset=\"https:\/\/mlbv9g3c1xit.i.optimole.com\/w:auto\/h:auto\/q:mauto\/ig:avif\/http:\/\/www.luminteknik.com\/wp-content\/uploads\/2024\/11\/kurumsal-hediye.jpg 400w, https:\/\/mlbv9g3c1xit.i.optimole.com\/w:300\/h:300\/q:mauto\/ig:avif\/http:\/\/www.luminteknik.com\/wp-content\/uploads\/2024\/11\/kurumsal-hediye.jpg 300w, https:\/\/mlbv9g3c1xit.i.optimole.com\/w:150\/h:150\/q:mauto\/rt:fill\/g:ce\/ig:avif\/http:\/\/www.luminteknik.com\/wp-content\/uploads\/2024\/11\/kurumsal-hediye.jpg 150w\" \/><\/figure>\n<\/div>\n\n\n<div style=\"height:24px\" aria-hidden=\"true\" class=\"wp-block-spacer\"><\/div>\n\n\n\n<h3 class=\"wp-block-heading has-text-align-left has-text-align-center has-neve-text-color-color has-text-color\">Kurumsal \u0130\u015fbirlikleri<\/h3>\n\n\n\n<div style=\"height:40px\" aria-hidden=\"true\" class=\"wp-block-spacer\"><\/div>\n<\/div>\n<\/div>\n\n\n\n<div style=\"height:40px\" aria-hidden=\"true\" class=\"wp-block-spacer\"><\/div>\n<\/div><\/div>\n<\/div><\/div>\n\n\n\n<div class=\"wp-block-cover alignfull\" style=\"min-height:300px;aspect-ratio:unset;\"><span aria-hidden=\"true\" class=\"wp-block-cover__background has-neve-link-color-background-color has-background-dim-100 has-background-dim\"><\/span><div class=\"wp-block-cover__inner-container is-layout-flow wp-block-cover-is-layout-flow\">\n<div class=\"wp-block-columns is-layout-flex wp-container-core-columns-is-layout-9d6595d7 wp-block-columns-is-layout-flex\">\n<div class=\"wp-block-column is-layout-flow wp-block-column-is-layout-flow\" style=\"flex-basis:20%\"><\/div>\n\n\n\n<div class=\"wp-block-column is-layout-flow wp-block-column-is-layout-flow\" style=\"flex-basis:60%\">\n<div class=\"wp-block-group\"><div class=\"wp-block-group__inner-container is-layout-constrained wp-block-group-is-layout-constrained\">\n<h2 class=\"wp-block-heading has-text-align-center has-nv-text-dark-bg-color has-text-color\"><br>Bir sonraki projenizde birlikte \u00e7al\u0131\u015fal\u0131m<\/h2>\n\n\n\n<p class=\"has-text-align-center has-nv-text-dark-bg-color has-text-color has-link-color wp-elements-a92fdb4be2c5f3fdffcd044ebf9f77c7\">Size yard\u0131mc\u0131 olmak i\u00e7in a\u015fa\u011f\u0131daki linke t\u0131klayarak ileti\u015fime ge\u00e7in<\/p>\n\n\n\n<div class=\"wp-block-buttons is-horizontal is-content-justification-center is-layout-flex wp-container-core-buttons-is-layout-499968f5 wp-block-buttons-is-layout-flex\">\n<div class=\"wp-block-button is-style-primary\"><a class=\"wp-block-button__link has-neve-link-color-color has-text-color has-background has-link-color wp-element-button\" href=\"http:\/\/www.luminteknik.com\/?page_id=9\" style=\"background-color:#ffffff\">\u0130leti\u015fim i\u00e7in T\u0131kla<\/a><\/div>\n<\/div>\n<\/div><\/div>\n<\/div>\n\n\n\n<div class=\"wp-block-column is-layout-flow wp-block-column-is-layout-flow\" style=\"flex-basis:20%\"><\/div>\n<\/div>\n<\/div><\/div>\n\n\n\n<p><\/p>\n","protected":false},"excerpt":{"rendered":"","protected":false},"author":1,"featured_media":0,"parent":0,"menu_order":0,"comment_status":"closed","ping_status":"closed","template":"","meta":{"neve_meta_sidebar":"","neve_meta_container":"","neve_meta_enable_content_width":"on","neve_meta_content_width":100,"neve_meta_title_alignment":"","neve_meta_author_avatar":"","neve_post_elements_order":"","neve_meta_disable_header":"","neve_meta_disable_footer":"","neve_meta_disable_title":"on","_ti_tpc_template_sync":false,"_ti_tpc_template_id":"","footnotes":""},"class_list":["post-11","page","type-page","status-publish","hentry"],"_links":{"self":[{"href":"http:\/\/www.luminteknik.com\/index.php?rest_route=\/wp\/v2\/pages\/11","targetHints":{"allow":["GET"]}}],"collection":[{"href":"http:\/\/www.luminteknik.com\/index.php?rest_route=\/wp\/v2\/pages"}],"about":[{"href":"http:\/\/www.luminteknik.com\/index.php?rest_route=\/wp\/v2\/types\/page"}],"author":[{"embeddable":true,"href":"http:\/\/www.luminteknik.com\/index.php?rest_route=\/wp\/v2\/users\/1"}],"replies":[{"embeddable":true,"href":"http:\/\/www.luminteknik.com\/index.php?rest_route=%2Fwp%2Fv2%2Fcomments&post=11"}],"version-history":[{"count":6,"href":"http:\/\/www.luminteknik.com\/index.php?rest_route=\/wp\/v2\/pages\/11\/revisions"}],"predecessor-version":[{"id":312,"href":"http:\/\/www.luminteknik.com\/index.php?rest_route=\/wp\/v2\/pages\/11\/revisions\/312"}],"wp:attachment":[{"href":"http:\/\/www.luminteknik.com\/index.php?rest_route=%2Fwp%2Fv2%2Fmedia&parent=11"}],"curies":[{"name":"wp","href":"https:\/\/api.w.org\/{rel}","templated":true}]}}